{"id":694,"date":"2016-04-14T11:54:03","date_gmt":"2016-04-14T11:54:03","guid":{"rendered":"https:\/\/www.alpinepursuitstransfers.com\/alpine-pursuits-transfers\/"},"modified":"2021-12-20T09:52:58","modified_gmt":"2021-12-20T09:52:58","slug":"alpine-pursuits-transferts","status":"publish","type":"page","link":"https:\/\/www.alpinepursuitstransfers.com\/fr\/","title":{"rendered":"Alpine Pursuits Transfers"},"content":{"rendered":"<p>[et_pb_section fb_built=\u00a0\u00bb1&Prime; fullwidth=\u00a0\u00bbon\u00a0\u00bb admin_label=\u00a0\u00bbSection\u00a0\u00bb _builder_version=\u00a0\u00bb3.22&Prime; global_colors_info=\u00a0\u00bb{}\u00a0\u00bb][et_pb_fullwidth_slider admin_label=\u00a0\u00bbFullwidth Slider\u00a0\u00bb _builder_version=\u00a0\u00bb4.14.2&Prime; header_font=\u00a0\u00bb|on|||\u00a0\u00bb header_text_color=\u00a0\u00bb#ffffff\u00a0\u00bb custom_button=\u00a0\u00bbon\u00a0\u00bb button_bg_color=\u00a0\u00bbrgba(51,102,153,0.79)\u00a0\u00bb custom_padding=\u00a0\u00bb|||\u00a0\u00bb custom_padding_tablet=\u00a0\u00bb|||\u00a0\u00bb custom_padding_phone=\u00a0\u00bb|||\u00a0\u00bb box_shadow_style=\u00a0\u00bbpreset6&Prime; box_shadow_blur=\u00a0\u00bb10px\u00a0\u00bb box_shadow_color=\u00a0\u00bbrgba(0,0,0,0.1)\u00a0\u00bb remove_inner_shadow=\u00a0\u00bboff\u00a0\u00bb hide_content_on_mobile=\u00a0\u00bboff\u00a0\u00bb hide_cta_on_mobile=\u00a0\u00bboff\u00a0\u00bb show_inner_shadow=\u00a0\u00bbon\u00a0\u00bb button_letter_spacing_hover=\u00a0\u00bb0&Prime; global_colors_info=\u00a0\u00bb{}\u00a0\u00bb button_text_size__hover_enabled=\u00a0\u00bboff\u00a0\u00bb button_one_text_size__hover_enabled=\u00a0\u00bboff\u00a0\u00bb button_two_text_size__hover_enabled=\u00a0\u00bboff\u00a0\u00bb button_text_color__hover_enabled=\u00a0\u00bboff\u00a0\u00bb button_one_text_color__hover_enabled=\u00a0\u00bboff\u00a0\u00bb button_two_text_color__hover_enabled=\u00a0\u00bboff\u00a0\u00bb button_border_width__hover_enabled=\u00a0\u00bboff\u00a0\u00bb button_one_border_width__hover_enabled=\u00a0\u00bboff\u00a0\u00bb button_two_border_width__hover_enabled=\u00a0\u00bboff\u00a0\u00bb button_border_color__hover_enabled=\u00a0\u00bboff\u00a0\u00bb button_one_border_color__hover_enabled=\u00a0\u00bboff\u00a0\u00bb button_two_border_color__hover_enabled=\u00a0\u00bboff\u00a0\u00bb button_border_radius__hover_enabled=\u00a0\u00bboff\u00a0\u00bb button_one_border_radius__hover_enabled=\u00a0\u00bboff\u00a0\u00bb button_two_border_radius__hover_enabled=\u00a0\u00bboff\u00a0\u00bb button_letter_spacing__hover_enabled=\u00a0\u00bbon\u00a0\u00bb button_letter_spacing__hover=\u00a0\u00bb0&Prime; button_one_letter_spacing__hover_enabled=\u00a0\u00bboff\u00a0\u00bb button_two_letter_spacing__hover_enabled=\u00a0\u00bboff\u00a0\u00bb button_bg_color__hover_enabled=\u00a0\u00bboff\u00a0\u00bb button_one_bg_color__hover_enabled=\u00a0\u00bboff\u00a0\u00bb button_two_bg_color__hover_enabled=\u00a0\u00bboff\u00a0\u00bb][et_pb_slide heading=\u00a0\u00bbTransferts en hiver\u00a0\u00bb button_text=\u00a0\u00bbTarifs\u00a0\u00bb button_link=\u00a0\u00bbhttps:\/\/www.alpinepursuitstransfers.com\/fr\/tarifs\u00a0\u00bb use_bg_overlay=\u00a0\u00bboff\u00a0\u00bb use_text_overlay=\u00a0\u00bbon\u00a0\u00bb text_overlay_color=\u00a0\u00bbrgba(51,102,153,0.79)\u00a0\u00bb _builder_version=\u00a0\u00bb4.14.2&Prime; header_font=\u00a0\u00bb||||\u00a0\u00bb body_font=\u00a0\u00bb||||\u00a0\u00bb background_color=\u00a0\u00bb#ffffff\u00a0\u00bb background_image=\u00a0\u00bbhttps:\/\/www.alpinepursuitstransfers.com\/wp-content\/uploads\/2016\/05\/IMG_3017.jpg\u00a0\u00bb custom_button=\u00a0\u00bbon\u00a0\u00bb button_bg_color=\u00a0\u00bbrgba(51,102,153,0.79)\u00a0\u00bb button_border_width=\u00a0\u00bb3&Prime; button_font=\u00a0\u00bb||||\u00a0\u00bb button_icon_placement=\u00a0\u00bbright\u00a0\u00bb button_on_hover=\u00a0\u00bbon\u00a0\u00bb global_colors_info=\u00a0\u00bb{}\u00a0\u00bb button_text_size__hover_enabled=\u00a0\u00bboff\u00a0\u00bb button_one_text_size__hover_enabled=\u00a0\u00bboff\u00a0\u00bb button_two_text_size__hover_enabled=\u00a0\u00bboff\u00a0\u00bb button_text_color__hover_enabled=\u00a0\u00bboff\u00a0\u00bb button_one_text_color__hover_enabled=\u00a0\u00bboff\u00a0\u00bb button_two_text_color__hover_enabled=\u00a0\u00bboff\u00a0\u00bb button_border_width__hover_enabled=\u00a0\u00bboff\u00a0\u00bb button_one_border_width__hover_enabled=\u00a0\u00bboff\u00a0\u00bb button_two_border_width__hover_enabled=\u00a0\u00bboff\u00a0\u00bb button_border_color__hover_enabled=\u00a0\u00bboff\u00a0\u00bb button_one_border_color__hover_enabled=\u00a0\u00bboff\u00a0\u00bb button_two_border_color__hover_enabled=\u00a0\u00bboff\u00a0\u00bb button_border_radius__hover_enabled=\u00a0\u00bboff\u00a0\u00bb button_one_border_radius__hover_enabled=\u00a0\u00bboff\u00a0\u00bb button_two_border_radius__hover_enabled=\u00a0\u00bboff\u00a0\u00bb button_letter_spacing__hover_enabled=\u00a0\u00bboff\u00a0\u00bb button_one_letter_spacing__hover_enabled=\u00a0\u00bboff\u00a0\u00bb button_two_letter_spacing__hover_enabled=\u00a0\u00bboff\u00a0\u00bb button_bg_color__hover_enabled=\u00a0\u00bboff\u00a0\u00bb button_one_bg_color__hover_enabled=\u00a0\u00bboff\u00a0\u00bb button_two_bg_color__hover_enabled=\u00a0\u00bboff\u00a0\u00bb sticky_transition=\u00a0\u00bbon\u00a0\u00bb]<\/p>\n<p>Nous desservons les a\u00e9roports de Gen\u00e8ve (GVA), Chamb\u00e9ry (CMF) et Lyon (LYS), et les gares de Cluses, Annecy et Bellegarde.<\/p>\n<p>[\/et_pb_slide][\/et_pb_fullwidth_slider][\/et_pb_section][et_pb_section fb_built=\u00a0\u00bb1&Prime; _builder_version=\u00a0\u00bb4.14.2&Prime; _module_preset=\u00a0\u00bbdefault\u00a0\u00bb global_colors_info=\u00a0\u00bb{}\u00a0\u00bb][et_pb_row column_structure=\u00a0\u00bb1_2,1_2&Prime; _builder_version=\u00a0\u00bb4.14.2&Prime; _module_preset=\u00a0\u00bbdefault\u00a0\u00bb global_colors_info=\u00a0\u00bb{}\u00a0\u00bb][et_pb_column type=\u00a0\u00bb1_2&Prime; _builder_version=\u00a0\u00bb4.14.2&Prime; _module_preset=\u00a0\u00bbdefault\u00a0\u00bb global_colors_info=\u00a0\u00bb{}\u00a0\u00bb][et_pb_text _builder_version=\u00a0\u00bb4.14.2&Prime; _module_preset=\u00a0\u00bbdefault\u00a0\u00bb global_colors_info=\u00a0\u00bb{}\u00a0\u00bb]<\/p>\n<h5><span style=\"caret-color: #000000; color: #000000; font-family: Calibri, sans-serif; font-size: 14.6667px; font-style: normal; font-variant-caps: normal; letter-spacing: normal; text-align: start; text-indent: 0px; text-transform: none; white-space: normal; word-spacing: 0px; -moz-text-size-adjust: auto; -webkit-text-stroke-width: 0px; text-decoration: none; display: inline !important; float: none;\">Alpine Pursuits est pr\u00e9sent dans les Alpes depuis 2002. Nos transferts sont disponibles depuis tous les grands a\u00e9roports et gares vers les stations de l\u2019Haute-Savoie et de la Savoie. Nos transferts priv\u00e9s sont disponibles \u00e0 des tarifs tr\u00e8s attractifs pour toutes destinations et nous proposons souvent des transferts \u00e0 prix r\u00e9duit.<\/span><\/h5>\n<p><span>Pour toutes les destinations non affich\u00e9es sur notre site internet, veuillez nous appeler ou nous envoyer un e-mail afin que nous puissions vous donner un devis sur mesure.<\/span><\/p>\n<p>[\/et_pb_text][\/et_pb_column][et_pb_column type=\u00a0\u00bb1_2&Prime; _builder_version=\u00a0\u00bb4.14.2&Prime; _module_preset=\u00a0\u00bbdefault\u00a0\u00bb global_colors_info=\u00a0\u00bb{}\u00a0\u00bb][et_pb_image src=\u00a0\u00bbhttps:\/\/www.alpinepursuitstransfers.com\/wp-content\/uploads\/2016\/04\/ap-transfers-493.jpg\u00a0\u00bb align_tablet=\u00a0\u00bbcenter\u00a0\u00bb align_phone=\u00a0\u00bbcenter\u00a0\u00bb align_last_edited=\u00a0\u00bbon|desktop\u00a0\u00bb admin_label=\u00a0\u00bbImage\u00a0\u00bb _builder_version=\u00a0\u00bb3.23&Prime; use_border_color=\u00a0\u00bboff\u00a0\u00bb border_color=\u00a0\u00bb#ffffff\u00a0\u00bb border_style=\u00a0\u00bbsolid\u00a0\u00bb animation=\u00a0\u00bboff\u00a0\u00bb sticky=\u00a0\u00bboff\u00a0\u00bb always_center_on_mobile=\u00a0\u00bbon\u00a0\u00bb global_colors_info=\u00a0\u00bb{}\u00a0\u00bb][\/et_pb_image][\/et_pb_column][\/et_pb_row][\/et_pb_section][et_pb_section fb_built=\u00a0\u00bb1&Prime; _builder_version=\u00a0\u00bb4.14.2&Prime; _module_preset=\u00a0\u00bbdefault\u00a0\u00bb global_colors_info=\u00a0\u00bb{}\u00a0\u00bb][et_pb_row _builder_version=\u00a0\u00bb4.14.2&Prime; _module_preset=\u00a0\u00bbdefault\u00a0\u00bb global_colors_info=\u00a0\u00bb{}\u00a0\u00bb][et_pb_column type=\u00a0\u00bb4_4&Prime; _builder_version=\u00a0\u00bb4.14.2&Prime; _module_preset=\u00a0\u00bbdefault\u00a0\u00bb global_colors_info=\u00a0\u00bb{}\u00a0\u00bb][et_pb_button button_url=\u00a0\u00bbmailto:transferts@alpinepursuitstransfers.com?subject=Demande%20de%20devis\u00a0\u00bb url_new_window=\u00a0\u00bbon\u00a0\u00bb button_text=\u00a0\u00bbDemande de devis\u00a0\u00bb button_alignment=\u00a0\u00bbcenter\u00a0\u00bb _builder_version=\u00a0\u00bb4.14.2&Prime; _module_preset=\u00a0\u00bbdefault\u00a0\u00bb hover_enabled=\u00a0\u00bb0&Prime; global_colors_info=\u00a0\u00bb{}\u00a0\u00bb sticky_enabled=\u00a0\u00bb0&Prime;][\/et_pb_button][\/et_pb_column][\/et_pb_row][\/et_pb_section][et_pb_section fb_built=\u00a0\u00bb1&Prime; custom_padding_last_edited=\u00a0\u00bbon|desktop\u00a0\u00bb admin_label=\u00a0\u00bbSection\u00a0\u00bb _builder_version=\u00a0\u00bb3.22&Prime; background_color=\u00a0\u00bb#ffffff\u00a0\u00bb custom_padding=\u00a0\u00bb0px|||\u00a0\u00bb custom_padding_tablet=\u00a0\u00bb50px|0|50px|0&Prime; custom_padding_phone=\u00a0\u00bb50px|0|50px|0&Prime; transparent_background=\u00a0\u00bboff\u00a0\u00bb padding_mobile=\u00a0\u00bboff\u00a0\u00bb make_fullwidth=\u00a0\u00bboff\u00a0\u00bb use_custom_width=\u00a0\u00bboff\u00a0\u00bb width_unit=\u00a0\u00bbon\u00a0\u00bb global_colors_info=\u00a0\u00bb{}\u00a0\u00bb][et_pb_row admin_label=\u00a0\u00bbRow\u00a0\u00bb _builder_version=\u00a0\u00bb3.25&Prime; background_size=\u00a0\u00bbinitial\u00a0\u00bb background_position=\u00a0\u00bbtop_left\u00a0\u00bb background_repeat=\u00a0\u00bbrepeat\u00a0\u00bb global_colors_info=\u00a0\u00bb{}\u00a0\u00bb][et_pb_column type=\u00a0\u00bb4_4&Prime; _builder_version=\u00a0\u00bb3.25&Prime; custom_padding=\u00a0\u00bb|||\u00a0\u00bb global_colors_info=\u00a0\u00bb{}\u00a0\u00bb custom_padding__hover=\u00a0\u00bb|||\u00a0\u00bb][et_pb_text admin_label=\u00a0\u00bbText\u00a0\u00bb _builder_version=\u00a0\u00bb4.14.2&Prime; background_size=\u00a0\u00bbinitial\u00a0\u00bb background_position=\u00a0\u00bbtop_left\u00a0\u00bb background_repeat=\u00a0\u00bbrepeat\u00a0\u00bb use_border_color=\u00a0\u00bboff\u00a0\u00bb border_color=\u00a0\u00bb#ffffff\u00a0\u00bb border_style=\u00a0\u00bbsolid\u00a0\u00bb global_colors_info=\u00a0\u00bb{}\u00a0\u00bb]<\/p>\n<h5>Avec plus de 19 ans d&rsquo;exp\u00e9rience dans les Alpes, notre \u00e9quipe offre un service de transfert professionnel avec des prix tr\u00e8s comp\u00e9titifs. Nous proposons uniquement des transferts priv\u00e9s \u00e0 nos clients pour assurer un service efficace et confortable.<\/h5>\n<h5>Pendant les 19 derni\u00e8res ann\u00e9es, nous avons transf\u00e9r\u00e9 des milliers de vacanciers vers toutes les grandes stations de ski des Alpes et nous nous effor\u00e7ons de fournir un service personnalis\u00e9 et professionnel \u00e0 nos clients.<\/h5>\n<p>[\/et_pb_text][\/et_pb_column][\/et_pb_row][\/et_pb_section][et_pb_section fb_built=\u00a0\u00bb1&Prime; admin_label=\u00a0\u00bbSection\u00a0\u00bb _builder_version=\u00a0\u00bb3.22&Prime; global_colors_info=\u00a0\u00bb{}\u00a0\u00bb][et_pb_row admin_label=\u00a0\u00bbRow\u00a0\u00bb _builder_version=\u00a0\u00bb3.25&Prime; background_size=\u00a0\u00bbinitial\u00a0\u00bb background_position=\u00a0\u00bbtop_left\u00a0\u00bb background_repeat=\u00a0\u00bbrepeat\u00a0\u00bb global_colors_info=\u00a0\u00bb{}\u00a0\u00bb][et_pb_column type=\u00a0\u00bb4_4&Prime; _builder_version=\u00a0\u00bb3.25&Prime; custom_padding=\u00a0\u00bb|||\u00a0\u00bb global_colors_info=\u00a0\u00bb{}\u00a0\u00bb custom_padding__hover=\u00a0\u00bb|||\u00a0\u00bb][et_pb_text admin_label=\u00a0\u00bbText\u00a0\u00bb _builder_version=\u00a0\u00bb4.14.2&Prime; background_size=\u00a0\u00bbinitial\u00a0\u00bb background_position=\u00a0\u00bbtop_left\u00a0\u00bb background_repeat=\u00a0\u00bbrepeat\u00a0\u00bb use_border_color=\u00a0\u00bboff\u00a0\u00bb border_color=\u00a0\u00bb#ffffff\u00a0\u00bb border_style=\u00a0\u00bbsolid\u00a0\u00bb global_colors_info=\u00a0\u00bb{}\u00a0\u00bb]<\/p>\n<h2 style=\"text-align: center;\">Licenci\u00e9 et assur\u00e9<\/h2>\n<p>Nos services de transfert sont assur\u00e9s en France aupr\u00e8s d&rsquo;AXA Assurance et nous sommes <a href=\"http:\/\/www2.transports.equipement.gouv.fr\/registres\/voyageurs\/74.pdf\" target=\"_blank\" rel=\"noopener noreferrer\">agr\u00e9\u00e9s en France<\/a> aupr\u00e8s de la DREAL (N\u00b0 : 2019\/84\/0000479). Nous sommes \u00e9galement enregistr\u00e9s pour op\u00e9rer dans le canton de Gen\u00e8ve, Suisse (No. SYMIC 19454964). [\/et_pb_text][\/et_pb_column][\/et_pb_row][et_pb_row column_structure=\u00a0\u00bb1_2,1_2&Prime; padding_mobile=\u00a0\u00bboff\u00a0\u00bb column_padding_mobile=\u00a0\u00bbon\u00a0\u00bb admin_label=\u00a0\u00bbRow\u00a0\u00bb _builder_version=\u00a0\u00bb3.25&Prime; background_size=\u00a0\u00bbinitial\u00a0\u00bb background_position=\u00a0\u00bbtop_left\u00a0\u00bb background_repeat=\u00a0\u00bbrepeat\u00a0\u00bb make_fullwidth=\u00a0\u00bboff\u00a0\u00bb use_custom_width=\u00a0\u00bboff\u00a0\u00bb width_unit=\u00a0\u00bbon\u00a0\u00bb global_colors_info=\u00a0\u00bb{}\u00a0\u00bb][et_pb_column type=\u00a0\u00bb1_2&Prime; _builder_version=\u00a0\u00bb3.25&Prime; custom_padding=\u00a0\u00bb|||\u00a0\u00bb global_colors_info=\u00a0\u00bb{}\u00a0\u00bb custom_padding__hover=\u00a0\u00bb|||\u00a0\u00bb][et_pb_image src=\u00a0\u00bbhttps:\/\/www.alpinepursuitstransfers.com\/wp-content\/uploads\/2018\/09\/bloc_marque_dreal_auvergne-rhone-alpes_rvb_hd.png\u00a0\u00bb align=\u00a0\u00bbcenter\u00a0\u00bb align_tablet=\u00a0\u00bbcenter\u00a0\u00bb align_phone=\u00a0\u00bbcenter\u00a0\u00bb align_last_edited=\u00a0\u00bbon|desktop\u00a0\u00bb admin_label=\u00a0\u00bbImage\u00a0\u00bb _builder_version=\u00a0\u00bb3.23&Prime; max_width=\u00a0\u00bb180px\u00a0\u00bb use_border_color=\u00a0\u00bboff\u00a0\u00bb border_color=\u00a0\u00bb#ffffff\u00a0\u00bb border_style=\u00a0\u00bbsolid\u00a0\u00bb animation=\u00a0\u00bboff\u00a0\u00bb sticky=\u00a0\u00bboff\u00a0\u00bb always_center_on_mobile=\u00a0\u00bbon\u00a0\u00bb global_colors_info=\u00a0\u00bb{}\u00a0\u00bb][\/et_pb_image][\/et_pb_column][et_pb_column type=\u00a0\u00bb1_2&Prime; _builder_version=\u00a0\u00bb3.25&Prime; custom_padding=\u00a0\u00bb|||\u00a0\u00bb global_colors_info=\u00a0\u00bb{}\u00a0\u00bb custom_padding__hover=\u00a0\u00bb|||\u00a0\u00bb][et_pb_image src=\u00a0\u00bbhttps:\/\/www.alpinepursuitstransfers.com\/wp-content\/uploads\/2018\/09\/swiss-authority.png\u00a0\u00bb align=\u00a0\u00bbcenter\u00a0\u00bb align_tablet=\u00a0\u00bbcenter\u00a0\u00bb align_phone=\u00a0\u00bbcenter\u00a0\u00bb align_last_edited=\u00a0\u00bbon|desktop\u00a0\u00bb admin_label=\u00a0\u00bbImage\u00a0\u00bb _builder_version=\u00a0\u00bb3.23&Prime; use_border_color=\u00a0\u00bboff\u00a0\u00bb border_color=\u00a0\u00bb#ffffff\u00a0\u00bb border_style=\u00a0\u00bbsolid\u00a0\u00bb animation=\u00a0\u00bboff\u00a0\u00bb sticky=\u00a0\u00bboff\u00a0\u00bb always_center_on_mobile=\u00a0\u00bbon\u00a0\u00bb global_colors_info=\u00a0\u00bb{}\u00a0\u00bb][\/et_pb_image][\/et_pb_column][\/et_pb_row][\/et_pb_section][et_pb_section fb_built=\u00a0\u00bb1&Prime; fullwidth=\u00a0\u00bbon\u00a0\u00bb _builder_version=\u00a0\u00bb4.14.2&Prime; _module_preset=\u00a0\u00bbdefault\u00a0\u00bb global_colors_info=\u00a0\u00bb{}\u00a0\u00bb][et_pb_fullwidth_header title=\u00a0\u00bbAlpine Pursuits Transferts\u00a0\u00bb subhead=\u00a0\u00bbTransferts priv\u00e9s depuis les a\u00e9roports et gares des Alpes\u00a0\u00bb text_orientation=\u00a0\u00bbcenter\u00a0\u00bb content_max_width=\u00a0\u00bbnone\u00a0\u00bb title_font_color=\u00a0\u00bb#ffffff\u00a0\u00bb subhead_font_color=\u00a0\u00bb#ffffff\u00a0\u00bb admin_label=\u00a0\u00bbFullwidth Header\u00a0\u00bb _builder_version=\u00a0\u00bb4.14.2&Prime; title_font=\u00a0\u00bb|on|||\u00a0\u00bb title_text_color=\u00a0\u00bb#ffffff\u00a0\u00bb title_font_size=\u00a0\u00bb45px\u00a0\u00bb subhead_text_color=\u00a0\u00bb#ffffff\u00a0\u00bb subhead_font_size=\u00a0\u00bb28px\u00a0\u00bb background_color=\u00a0\u00bbrgba(25,25,25,0.35)\u00a0\u00bb background_image=\u00a0\u00bbhttps:\/\/www.alpinepursuitstransfers.com\/wp-content\/uploads\/2016\/04\/chamossiere-pano-crop.jpg\u00a0\u00bb background_layout=\u00a0\u00bblight\u00a0\u00bb title_font_size_tablet=\u00a0\u00bb\u00a0\u00bb title_font_size_phone=\u00a0\u00bb30px\u00a0\u00bb title_font_size_last_edited=\u00a0\u00bbon|phone\u00a0\u00bb subhead_font_size_tablet=\u00a0\u00bb\u00a0\u00bb subhead_font_size_phone=\u00a0\u00bb16px\u00a0\u00bb subhead_font_size_last_edited=\u00a0\u00bbon|phone\u00a0\u00bb text_shadow_style=\u00a0\u00bbpreset1&Prime; button_one_letter_spacing_hover=\u00a0\u00bb0&Prime; button_two_letter_spacing_hover=\u00a0\u00bb0&Prime; global_colors_info=\u00a0\u00bb{}\u00a0\u00bb button_one_text_size__hover_enabled=\u00a0\u00bboff\u00a0\u00bb button_two_text_size__hover_enabled=\u00a0\u00bboff\u00a0\u00bb button_one_text_color__hover_enabled=\u00a0\u00bboff\u00a0\u00bb button_two_text_color__hover_enabled=\u00a0\u00bboff\u00a0\u00bb button_one_border_width__hover_enabled=\u00a0\u00bboff\u00a0\u00bb button_two_border_width__hover_enabled=\u00a0\u00bboff\u00a0\u00bb button_one_border_color__hover_enabled=\u00a0\u00bboff\u00a0\u00bb button_two_border_color__hover_enabled=\u00a0\u00bboff\u00a0\u00bb button_one_border_radius__hover_enabled=\u00a0\u00bboff\u00a0\u00bb button_two_border_radius__hover_enabled=\u00a0\u00bboff\u00a0\u00bb button_one_letter_spacing__hover_enabled=\u00a0\u00bbon\u00a0\u00bb button_one_letter_spacing__hover=\u00a0\u00bb0&Prime; button_two_letter_spacing__hover_enabled=\u00a0\u00bbon\u00a0\u00bb button_two_letter_spacing__hover=\u00a0\u00bb0&Prime; button_one_bg_color__hover_enabled=\u00a0\u00bboff\u00a0\u00bb button_two_bg_color__hover_enabled=\u00a0\u00bboff\u00a0\u00bb][\/et_pb_fullwidth_header][\/et_pb_section]<\/p>\n","protected":false},"excerpt":{"rendered":"<p>Nous desservons les a\u00e9roports de Gen\u00e8ve (GVA), Chamb\u00e9ry (CMF) et Lyon (LYS), et les gares de Cluses, Annecy et Bellegarde.Alpine Pursuits est pr\u00e9sent dans les Alpes depuis 2002. Nos transferts sont disponibles depuis tous les grands a\u00e9roports et gares vers les stations de l\u2019Haute-Savoie et de la Savoie. Nos transferts priv\u00e9s sont disponibles \u00e0 des [&hellip;]<\/p>\n","protected":false},"author":2,"featured_media":0,"parent":0,"menu_order":0,"comment_status":"closed","ping_status":"closed","template":"","meta":{"_et_pb_use_builder":"on","_et_pb_old_content":"","_et_gb_content_width":""},"yoast_head":"<!-- This site is optimized with the Yoast SEO plugin v17.8 - https:\/\/yoast.com\/wordpress\/plugins\/seo\/ -->\n<title>Alpine Pursuits Transfers - Alpine Pursuits Transfers<\/title>\n<meta name=\"description\" content=\"Alpine Pursuits Transferts. Nous desservons les a\u00e9roports de Gen\u00e8ve (GVA), Chamb\u00e9ry (CMF) et Lyon (LYS), et les gares de Cluses, Annecy et Bellegarde.\" \/>\n<meta name=\"robots\" content=\"index, follow, max-snippet:-1, max-image-preview:large, max-video-preview:-1\" \/>\n<link rel=\"canonical\" href=\"https:\/\/www.alpinepursuitstransfers.com\/fr\/\" \/>\n<meta property=\"og:locale\" content=\"fr_FR\" \/>\n<meta property=\"og:type\" content=\"article\" \/>\n<meta property=\"og:title\" content=\"Alpine Pursuits Transfers - Alpine Pursuits Transfers\" \/>\n<meta property=\"og:description\" content=\"Alpine Pursuits Transferts. Nous desservons les a\u00e9roports de Gen\u00e8ve (GVA), Chamb\u00e9ry (CMF) et Lyon (LYS), et les gares de Cluses, Annecy et Bellegarde.\" \/>\n<meta property=\"og:url\" content=\"https:\/\/www.alpinepursuitstransfers.com\/fr\/\" \/>\n<meta property=\"og:site_name\" content=\"Alpine Pursuits Transfers\" \/>\n<meta property=\"article:publisher\" content=\"https:\/\/www.facebook.com\/APTransfers74\/\" \/>\n<meta property=\"article:modified_time\" content=\"2021-12-20T09:52:58+00:00\" \/>\n<meta name=\"twitter:card\" content=\"summary\" \/>\n<meta name=\"twitter:site\" content=\"@APtransfers74\" \/>\n<meta name=\"twitter:label1\" content=\"Dur\u00e9e de lecture estim\u00e9e\" \/>\n\t<meta name=\"twitter:data1\" content=\"3 minutes\" \/>\n<script type=\"application\/ld+json\" class=\"yoast-schema-graph\">{\"@context\":\"https:\/\/schema.org\",\"@graph\":[{\"@type\":\"Organization\",\"@id\":\"https:\/\/www.alpinepursuitstransfers.com\/#organization\",\"name\":\"Alpine Pursuits\",\"url\":\"https:\/\/www.alpinepursuitstransfers.com\/\",\"sameAs\":[\"https:\/\/www.facebook.com\/APTransfers74\/\",\"https:\/\/twitter.com\/APtransfers74\"],\"logo\":{\"@type\":\"ImageObject\",\"@id\":\"https:\/\/www.alpinepursuitstransfers.com\/#logo\",\"inLanguage\":\"fr-FR\",\"url\":\"https:\/\/www.alpinepursuitstransfers.com\/wp-content\/uploads\/2016\/05\/Alpine-Pursuits-Transp-600.jpg\",\"contentUrl\":\"https:\/\/www.alpinepursuitstransfers.com\/wp-content\/uploads\/2016\/05\/Alpine-Pursuits-Transp-600.jpg\",\"width\":600,\"height\":476,\"caption\":\"Alpine Pursuits\"},\"image\":{\"@id\":\"https:\/\/www.alpinepursuitstransfers.com\/#logo\"}},{\"@type\":\"WebSite\",\"@id\":\"https:\/\/www.alpinepursuitstransfers.com\/#website\",\"url\":\"https:\/\/www.alpinepursuitstransfers.com\/\",\"name\":\"Alpine Pursuits Transfers\",\"description\":\"Airport transfers in the French Alps\",\"publisher\":{\"@id\":\"https:\/\/www.alpinepursuitstransfers.com\/#organization\"},\"potentialAction\":[{\"@type\":\"SearchAction\",\"target\":{\"@type\":\"EntryPoint\",\"urlTemplate\":\"https:\/\/www.alpinepursuitstransfers.com\/?s={search_term_string}\"},\"query-input\":\"required name=search_term_string\"}],\"inLanguage\":\"fr-FR\"},{\"@type\":\"WebPage\",\"@id\":\"https:\/\/www.alpinepursuitstransfers.com\/fr\/#webpage\",\"url\":\"https:\/\/www.alpinepursuitstransfers.com\/fr\/\",\"name\":\"Alpine Pursuits Transfers - Alpine Pursuits Transfers\",\"isPartOf\":{\"@id\":\"https:\/\/www.alpinepursuitstransfers.com\/#website\"},\"datePublished\":\"2016-04-14T11:54:03+00:00\",\"dateModified\":\"2021-12-20T09:52:58+00:00\",\"description\":\"Alpine Pursuits Transferts. Nous desservons les a\\u00e9roports de Gen\\u00e8ve (GVA), Chamb\\u00e9ry (CMF) et Lyon (LYS), et les gares de Cluses, Annecy et Bellegarde.\",\"breadcrumb\":{\"@id\":\"https:\/\/www.alpinepursuitstransfers.com\/fr\/#breadcrumb\"},\"inLanguage\":\"fr-FR\",\"potentialAction\":[{\"@type\":\"ReadAction\",\"target\":[\"https:\/\/www.alpinepursuitstransfers.com\/fr\/\"]}]},{\"@type\":\"BreadcrumbList\",\"@id\":\"https:\/\/www.alpinepursuitstransfers.com\/fr\/#breadcrumb\",\"itemListElement\":[{\"@type\":\"ListItem\",\"position\":1,\"name\":\"Home\",\"item\":\"https:\/\/www.alpinepursuitstransfers.com\/fr\/\"},{\"@type\":\"ListItem\",\"position\":2,\"name\":\"Alpine Pursuits Transfers\"}]}]}<\/script>\n<!-- \/ Yoast SEO plugin. -->","yoast_head_json":{"title":"Alpine Pursuits Transfers - Alpine Pursuits Transfers","description":"Alpine Pursuits Transferts. Nous desservons les a\u00e9roports de Gen\u00e8ve (GVA), Chamb\u00e9ry (CMF) et Lyon (LYS), et les gares de Cluses, Annecy et Bellegarde.","robots":{"index":"index","follow":"follow","max-snippet":"max-snippet:-1","max-image-preview":"max-image-preview:large","max-video-preview":"max-video-preview:-1"},"canonical":"https:\/\/www.alpinepursuitstransfers.com\/fr\/","og_locale":"fr_FR","og_type":"article","og_title":"Alpine Pursuits Transfers - Alpine Pursuits Transfers","og_description":"Alpine Pursuits Transferts. Nous desservons les a\u00e9roports de Gen\u00e8ve (GVA), Chamb\u00e9ry (CMF) et Lyon (LYS), et les gares de Cluses, Annecy et Bellegarde.","og_url":"https:\/\/www.alpinepursuitstransfers.com\/fr\/","og_site_name":"Alpine Pursuits Transfers","article_publisher":"https:\/\/www.facebook.com\/APTransfers74\/","article_modified_time":"2021-12-20T09:52:58+00:00","twitter_card":"summary","twitter_site":"@APtransfers74","twitter_misc":{"Dur\u00e9e de lecture estim\u00e9e":"3 minutes"},"schema":{"@context":"https:\/\/schema.org","@graph":[{"@type":"Organization","@id":"https:\/\/www.alpinepursuitstransfers.com\/#organization","name":"Alpine Pursuits","url":"https:\/\/www.alpinepursuitstransfers.com\/","sameAs":["https:\/\/www.facebook.com\/APTransfers74\/","https:\/\/twitter.com\/APtransfers74"],"logo":{"@type":"ImageObject","@id":"https:\/\/www.alpinepursuitstransfers.com\/#logo","inLanguage":"fr-FR","url":"https:\/\/www.alpinepursuitstransfers.com\/wp-content\/uploads\/2016\/05\/Alpine-Pursuits-Transp-600.jpg","contentUrl":"https:\/\/www.alpinepursuitstransfers.com\/wp-content\/uploads\/2016\/05\/Alpine-Pursuits-Transp-600.jpg","width":600,"height":476,"caption":"Alpine Pursuits"},"image":{"@id":"https:\/\/www.alpinepursuitstransfers.com\/#logo"}},{"@type":"WebSite","@id":"https:\/\/www.alpinepursuitstransfers.com\/#website","url":"https:\/\/www.alpinepursuitstransfers.com\/","name":"Alpine Pursuits Transfers","description":"Airport transfers in the French Alps","publisher":{"@id":"https:\/\/www.alpinepursuitstransfers.com\/#organization"},"potentialAction":[{"@type":"SearchAction","target":{"@type":"EntryPoint","urlTemplate":"https:\/\/www.alpinepursuitstransfers.com\/?s={search_term_string}"},"query-input":"required name=search_term_string"}],"inLanguage":"fr-FR"},{"@type":"WebPage","@id":"https:\/\/www.alpinepursuitstransfers.com\/fr\/#webpage","url":"https:\/\/www.alpinepursuitstransfers.com\/fr\/","name":"Alpine Pursuits Transfers - Alpine Pursuits Transfers","isPartOf":{"@id":"https:\/\/www.alpinepursuitstransfers.com\/#website"},"datePublished":"2016-04-14T11:54:03+00:00","dateModified":"2021-12-20T09:52:58+00:00","description":"Alpine Pursuits Transferts. Nous desservons les a\u00e9roports de Gen\u00e8ve (GVA), Chamb\u00e9ry (CMF) et Lyon (LYS), et les gares de Cluses, Annecy et Bellegarde.","breadcrumb":{"@id":"https:\/\/www.alpinepursuitstransfers.com\/fr\/#breadcrumb"},"inLanguage":"fr-FR","potentialAction":[{"@type":"ReadAction","target":["https:\/\/www.alpinepursuitstransfers.com\/fr\/"]}]},{"@type":"BreadcrumbList","@id":"https:\/\/www.alpinepursuitstransfers.com\/fr\/#breadcrumb","itemListElement":[{"@type":"ListItem","position":1,"name":"Home","item":"https:\/\/www.alpinepursuitstransfers.com\/fr\/"},{"@type":"ListItem","position":2,"name":"Alpine Pursuits Transfers"}]}]}},"_links":{"self":[{"href":"https:\/\/www.alpinepursuitstransfers.com\/fr\/wp-json\/wp\/v2\/pages\/694"}],"collection":[{"href":"https:\/\/www.alpinepursuitstransfers.com\/fr\/wp-json\/wp\/v2\/pages"}],"about":[{"href":"https:\/\/www.alpinepursuitstransfers.com\/fr\/wp-json\/wp\/v2\/types\/page"}],"author":[{"embeddable":true,"href":"https:\/\/www.alpinepursuitstransfers.com\/fr\/wp-json\/wp\/v2\/users\/2"}],"replies":[{"embeddable":true,"href":"https:\/\/www.alpinepursuitstransfers.com\/fr\/wp-json\/wp\/v2\/comments?post=694"}],"version-history":[{"count":12,"href":"https:\/\/www.alpinepursuitstransfers.com\/fr\/wp-json\/wp\/v2\/pages\/694\/revisions"}],"predecessor-version":[{"id":753,"href":"https:\/\/www.alpinepursuitstransfers.com\/fr\/wp-json\/wp\/v2\/pages\/694\/revisions\/753"}],"wp:attachment":[{"href":"https:\/\/www.alpinepursuitstransfers.com\/fr\/wp-json\/wp\/v2\/media?parent=694"}],"curies":[{"name":"wp","href":"https:\/\/api.w.org\/{rel}","templated":true}]}}