{"id":707,"date":"2016-04-14T15:12:47","date_gmt":"2016-04-14T15:12:47","guid":{"rendered":"https:\/\/www.alpinepursuitstransfers.com\/about-us\/"},"modified":"2021-12-19T15:37:36","modified_gmt":"2021-12-19T15:37:36","slug":"a-propos-de-nous","status":"publish","type":"page","link":"https:\/\/www.alpinepursuitstransfers.com\/fr\/a-propos-de-nous\/","title":{"rendered":"A propos de nous"},"content":{"rendered":"<p>[et_pb_section fb_built=\u00a0\u00bb1&Prime; admin_label=\u00a0\u00bbsection\u00a0\u00bb _builder_version=\u00a0\u00bb3.22&Prime; global_colors_info=\u00a0\u00bb{}\u00a0\u00bb][et_pb_row admin_label=\u00a0\u00bbrow\u00a0\u00bb _builder_version=\u00a0\u00bb3.25&Prime; background_size=\u00a0\u00bbinitial\u00a0\u00bb background_position=\u00a0\u00bbtop_left\u00a0\u00bb background_repeat=\u00a0\u00bbrepeat\u00a0\u00bb min_height=\u00a0\u00bb510.6px\u00a0\u00bb global_colors_info=\u00a0\u00bb{}\u00a0\u00bb][et_pb_column type=\u00a0\u00bb4_4&Prime; _builder_version=\u00a0\u00bb3.25&Prime; custom_padding=\u00a0\u00bb|||\u00a0\u00bb global_colors_info=\u00a0\u00bb{}\u00a0\u00bb custom_padding__hover=\u00a0\u00bb|||\u00a0\u00bb][et_pb_text admin_label=\u00a0\u00bbText\u00a0\u00bb _builder_version=\u00a0\u00bb4.14.2&Prime; background_size=\u00a0\u00bbinitial\u00a0\u00bb background_position=\u00a0\u00bbtop_left\u00a0\u00bb background_repeat=\u00a0\u00bbrepeat\u00a0\u00bb hover_enabled=\u00a0\u00bb0&Prime; global_colors_info=\u00a0\u00bb{}\u00a0\u00bb sticky_enabled=\u00a0\u00bb0&Prime;]Qui nous sommes<\/p>\n<p>Alpine Pursuits est une soci\u00e9t\u00e9 ind\u00e9pendante qui propose des transferts priv\u00e9s depuis les a\u00e9roports et gares des Alpes. Nous desservons les a\u00e9roports de Gen\u00e8ve (GVA), Chamb\u00e9ry (CMF) et Lyon (LYS), et les gares de Cluses, Annecy et Bellegarde. Nous fournissons des transferts professionnels licenci\u00e9s et assur\u00e9s vers toutes les grandes stations de ski de la Haute-Savoie et de la Savoie.<\/p>\n<p>Notre histoire<\/p>\n<p>Nous sommes une entreprise familiale \u00e9tablie dans les Alpes depuis 2002. Nous transf\u00e9rons des clients \u00e0 travers les Alpes sur des centaines de milliers de kilom\u00e8tres. Une proportion importante de nos r\u00e9servations provient de clients fid\u00e8les et des recommandations de bouche-\u00e0-oreille. Cependant, gr\u00e2ce \u00e0 notre site Web et nos m\u00e9dias sociaux, nous gagnons continuellement des nouveaux clients pour des transferts alpins d&rsquo;hiver ou d&rsquo;\u00e9t\u00e9.<\/p>\n<p>Nos clients<\/p>\n<p>La plupart de nos clients viennent de toute l&rsquo;Europe, y compris le Royaume-Uni, la France, les pays du Benelux, l&rsquo;Irlande, l&rsquo;Allemagne, l&rsquo;Italie, l&rsquo;Espagne, le Portugal, la Scandinavie et plus r\u00e9cemment les pays d&rsquo;Europe centrale et orientale, y compris la Russie. Nous avons \u00e9galement accueilli des vacanciers de pays du monde entier, notamment d&rsquo;Australie, de Nouvelle-Z\u00e9lande et du Moyen-Orient, d&rsquo;Afrique du Sud, du Canada, des \u00c9tats-Unis et d&rsquo;Am\u00e9rique du Sud.<\/p>\n<p>O\u00f9 nous sommes<\/p>\n<p>Notre si\u00e8ge social est situ\u00e9 dans les Alpes, \u00e0 seulement 10 minutes des Gets, Morzine et Samo\u00ebns.<\/p>\n<p>Nous sommes tr\u00e8s fiers de fournir un service de premi\u00e8re classe avec une touche personnelle.[\/et_pb_text][\/et_pb_column][\/et_pb_row][\/et_pb_section]<\/p>\n","protected":false},"excerpt":{"rendered":"<p>Qui nous sommes Alpine Pursuits est une soci\u00e9t\u00e9 ind\u00e9pendante qui propose des transferts priv\u00e9s depuis les a\u00e9roports et gares des Alpes. Nous desservons les a\u00e9roports de Gen\u00e8ve (GVA), Chamb\u00e9ry (CMF) et Lyon (LYS), et les gares de Cluses, Annecy et Bellegarde. Nous fournissons des transferts professionnels licenci\u00e9s et assur\u00e9s vers toutes les grandes stations de [&hellip;]<\/p>\n","protected":false},"author":2,"featured_media":0,"parent":0,"menu_order":0,"comment_status":"closed","ping_status":"closed","template":"","meta":{"_et_pb_use_builder":"on","_et_pb_old_content":"<h5>What we do<\/h5>\r\nAlpine Pursuits is an independent company that provides private airport transfers from Geneva (GVA), Chambery (CMF) and Lyon (LYS) airports. We offer fully licensed and insured professional transfers to\u00a0all the major ski resorts\u00a0in the Haute-Savoie and Savoie departments.\r\n<h5>Our history<\/h5>\r\nWe are a family company established in the Alps since 2002 and have been transferring clients throughout the alps covering hundreds of thousands of kilometres. A significant proportion of our transfer bookings come from returning customers and word-of-mouth recommendation. However, through our web site and social media we continually enable new clients\u00a0to find us and book their winter or summer alpine transfers.\r\n<h5>Our clients<\/h5>\r\nMost of our customers come from across Europe, including the UK, France, the Benelux countries, Eire, Germany, Italy, Spain, Portugal, Scandinavia and more recently countries in middle and eastern Europe including Russia. We've also welcomed holidaymakers from countries worldwide including Australia, New Zealand, and from the Middle East, South Africa, Canada, the US and South America.\r\n<h5>Where we are<\/h5>\r\nOur main office is in the Alps, just 10\u00a0minutes from Les Gets, Morzine and Samoens.\r\n\r\nWe take pride in delivering a first class service with a personal touch.\r\n<h5>Licence<\/h5>\r\nAlpine Pursuits is Registered in France under Siret: 75156563100015 &amp; Transport Licence No: 2014\/82\/0000297","_et_gb_content_width":""},"yoast_head":"<!-- This site is optimized with the Yoast SEO plugin v17.8 - https:\/\/yoast.com\/wordpress\/plugins\/seo\/ -->\n<title>A propos de nous - Alpine Pursuits Transfers<\/title>\n<meta name=\"description\" content=\"Alpine Pursuits est une soci\u00e9t\u00e9 ind\u00e9pendante qui propose des transferts priv\u00e9s depuis les a\u00e9roports et gares des Alpes. Nous desservons les a\u00e9roports de Gen\u00e8ve (GVA), Chamb\u00e9ry (CMF) et Lyon (LYS), et les gares de Cluses, Annecy et Bellegarde. Nous fournissons des transferts professionnels licenci\u00e9s et assur\u00e9s vers toutes les grandes stations de ski de la Haute-Savoie et de la Savoie.\" \/>\n<meta name=\"robots\" content=\"index, follow, max-snippet:-1, max-image-preview:large, max-video-preview:-1\" \/>\n<link rel=\"canonical\" href=\"https:\/\/www.alpinepursuitstransfers.com\/fr\/a-propos-de-nous\/\" \/>\n<meta property=\"og:locale\" content=\"fr_FR\" \/>\n<meta property=\"og:type\" content=\"article\" \/>\n<meta property=\"og:title\" content=\"A propos de nous - Alpine Pursuits Transfers\" \/>\n<meta property=\"og:description\" content=\"Alpine Pursuits est une soci\u00e9t\u00e9 ind\u00e9pendante qui propose des transferts priv\u00e9s depuis les a\u00e9roports et gares des Alpes. Nous desservons les a\u00e9roports de Gen\u00e8ve (GVA), Chamb\u00e9ry (CMF) et Lyon (LYS), et les gares de Cluses, Annecy et Bellegarde. Nous fournissons des transferts professionnels licenci\u00e9s et assur\u00e9s vers toutes les grandes stations de ski de la Haute-Savoie et de la Savoie.\" \/>\n<meta property=\"og:url\" content=\"https:\/\/www.alpinepursuitstransfers.com\/fr\/a-propos-de-nous\/\" \/>\n<meta property=\"og:site_name\" content=\"Alpine Pursuits Transfers\" \/>\n<meta property=\"article:publisher\" content=\"https:\/\/www.facebook.com\/APTransfers74\/\" \/>\n<meta property=\"article:modified_time\" content=\"2021-12-19T15:37:36+00:00\" \/>\n<meta name=\"twitter:card\" content=\"summary\" \/>\n<meta name=\"twitter:site\" content=\"@APtransfers74\" \/>\n<meta name=\"twitter:label1\" content=\"Dur\u00e9e de lecture estim\u00e9e\" \/>\n\t<meta name=\"twitter:data1\" content=\"2 minutes\" \/>\n<script type=\"application\/ld+json\" class=\"yoast-schema-graph\">{\"@context\":\"https:\/\/schema.org\",\"@graph\":[{\"@type\":\"Organization\",\"@id\":\"https:\/\/www.alpinepursuitstransfers.com\/#organization\",\"name\":\"Alpine Pursuits\",\"url\":\"https:\/\/www.alpinepursuitstransfers.com\/\",\"sameAs\":[\"https:\/\/www.facebook.com\/APTransfers74\/\",\"https:\/\/twitter.com\/APtransfers74\"],\"logo\":{\"@type\":\"ImageObject\",\"@id\":\"https:\/\/www.alpinepursuitstransfers.com\/#logo\",\"inLanguage\":\"fr-FR\",\"url\":\"https:\/\/www.alpinepursuitstransfers.com\/wp-content\/uploads\/2016\/05\/Alpine-Pursuits-Transp-600.jpg\",\"contentUrl\":\"https:\/\/www.alpinepursuitstransfers.com\/wp-content\/uploads\/2016\/05\/Alpine-Pursuits-Transp-600.jpg\",\"width\":600,\"height\":476,\"caption\":\"Alpine Pursuits\"},\"image\":{\"@id\":\"https:\/\/www.alpinepursuitstransfers.com\/#logo\"}},{\"@type\":\"WebSite\",\"@id\":\"https:\/\/www.alpinepursuitstransfers.com\/#website\",\"url\":\"https:\/\/www.alpinepursuitstransfers.com\/\",\"name\":\"Alpine Pursuits Transfers\",\"description\":\"Airport transfers in the French Alps\",\"publisher\":{\"@id\":\"https:\/\/www.alpinepursuitstransfers.com\/#organization\"},\"potentialAction\":[{\"@type\":\"SearchAction\",\"target\":{\"@type\":\"EntryPoint\",\"urlTemplate\":\"https:\/\/www.alpinepursuitstransfers.com\/?s={search_term_string}\"},\"query-input\":\"required name=search_term_string\"}],\"inLanguage\":\"fr-FR\"},{\"@type\":\"WebPage\",\"@id\":\"https:\/\/www.alpinepursuitstransfers.com\/fr\/a-propos-de-nous\/#webpage\",\"url\":\"https:\/\/www.alpinepursuitstransfers.com\/fr\/a-propos-de-nous\/\",\"name\":\"A propos de nous - Alpine Pursuits Transfers\",\"isPartOf\":{\"@id\":\"https:\/\/www.alpinepursuitstransfers.com\/#website\"},\"datePublished\":\"2016-04-14T15:12:47+00:00\",\"dateModified\":\"2021-12-19T15:37:36+00:00\",\"description\":\"Alpine Pursuits est une soci\\u00e9t\\u00e9 ind\\u00e9pendante qui propose des transferts priv\\u00e9s depuis les a\\u00e9roports et gares des Alpes. Nous desservons les a\\u00e9roports de Gen\\u00e8ve (GVA), Chamb\\u00e9ry (CMF) et Lyon (LYS), et les gares de Cluses, Annecy et Bellegarde. Nous fournissons des transferts professionnels licenci\\u00e9s et assur\\u00e9s vers toutes les grandes stations de ski de la Haute-Savoie et de la Savoie.\",\"breadcrumb\":{\"@id\":\"https:\/\/www.alpinepursuitstransfers.com\/fr\/a-propos-de-nous\/#breadcrumb\"},\"inLanguage\":\"fr-FR\",\"potentialAction\":[{\"@type\":\"ReadAction\",\"target\":[\"https:\/\/www.alpinepursuitstransfers.com\/fr\/a-propos-de-nous\/\"]}]},{\"@type\":\"BreadcrumbList\",\"@id\":\"https:\/\/www.alpinepursuitstransfers.com\/fr\/a-propos-de-nous\/#breadcrumb\",\"itemListElement\":[{\"@type\":\"ListItem\",\"position\":1,\"name\":\"Home\",\"item\":\"https:\/\/www.alpinepursuitstransfers.com\/fr\/\"},{\"@type\":\"ListItem\",\"position\":2,\"name\":\"A propos de nous\"}]}]}<\/script>\n<!-- \/ Yoast SEO plugin. -->","yoast_head_json":{"title":"A propos de nous - Alpine Pursuits Transfers","description":"Alpine Pursuits est une soci\u00e9t\u00e9 ind\u00e9pendante qui propose des transferts priv\u00e9s depuis les a\u00e9roports et gares des Alpes. Nous desservons les a\u00e9roports de Gen\u00e8ve (GVA), Chamb\u00e9ry (CMF) et Lyon (LYS), et les gares de Cluses, Annecy et Bellegarde. Nous fournissons des transferts professionnels licenci\u00e9s et assur\u00e9s vers toutes les grandes stations de ski de la Haute-Savoie et de la Savoie.","robots":{"index":"index","follow":"follow","max-snippet":"max-snippet:-1","max-image-preview":"max-image-preview:large","max-video-preview":"max-video-preview:-1"},"canonical":"https:\/\/www.alpinepursuitstransfers.com\/fr\/a-propos-de-nous\/","og_locale":"fr_FR","og_type":"article","og_title":"A propos de nous - Alpine Pursuits Transfers","og_description":"Alpine Pursuits est une soci\u00e9t\u00e9 ind\u00e9pendante qui propose des transferts priv\u00e9s depuis les a\u00e9roports et gares des Alpes. Nous desservons les a\u00e9roports de Gen\u00e8ve (GVA), Chamb\u00e9ry (CMF) et Lyon (LYS), et les gares de Cluses, Annecy et Bellegarde. Nous fournissons des transferts professionnels licenci\u00e9s et assur\u00e9s vers toutes les grandes stations de ski de la Haute-Savoie et de la Savoie.","og_url":"https:\/\/www.alpinepursuitstransfers.com\/fr\/a-propos-de-nous\/","og_site_name":"Alpine Pursuits Transfers","article_publisher":"https:\/\/www.facebook.com\/APTransfers74\/","article_modified_time":"2021-12-19T15:37:36+00:00","twitter_card":"summary","twitter_site":"@APtransfers74","twitter_misc":{"Dur\u00e9e de lecture estim\u00e9e":"2 minutes"},"schema":{"@context":"https:\/\/schema.org","@graph":[{"@type":"Organization","@id":"https:\/\/www.alpinepursuitstransfers.com\/#organization","name":"Alpine Pursuits","url":"https:\/\/www.alpinepursuitstransfers.com\/","sameAs":["https:\/\/www.facebook.com\/APTransfers74\/","https:\/\/twitter.com\/APtransfers74"],"logo":{"@type":"ImageObject","@id":"https:\/\/www.alpinepursuitstransfers.com\/#logo","inLanguage":"fr-FR","url":"https:\/\/www.alpinepursuitstransfers.com\/wp-content\/uploads\/2016\/05\/Alpine-Pursuits-Transp-600.jpg","contentUrl":"https:\/\/www.alpinepursuitstransfers.com\/wp-content\/uploads\/2016\/05\/Alpine-Pursuits-Transp-600.jpg","width":600,"height":476,"caption":"Alpine Pursuits"},"image":{"@id":"https:\/\/www.alpinepursuitstransfers.com\/#logo"}},{"@type":"WebSite","@id":"https:\/\/www.alpinepursuitstransfers.com\/#website","url":"https:\/\/www.alpinepursuitstransfers.com\/","name":"Alpine Pursuits Transfers","description":"Airport transfers in the French Alps","publisher":{"@id":"https:\/\/www.alpinepursuitstransfers.com\/#organization"},"potentialAction":[{"@type":"SearchAction","target":{"@type":"EntryPoint","urlTemplate":"https:\/\/www.alpinepursuitstransfers.com\/?s={search_term_string}"},"query-input":"required name=search_term_string"}],"inLanguage":"fr-FR"},{"@type":"WebPage","@id":"https:\/\/www.alpinepursuitstransfers.com\/fr\/a-propos-de-nous\/#webpage","url":"https:\/\/www.alpinepursuitstransfers.com\/fr\/a-propos-de-nous\/","name":"A propos de nous - Alpine Pursuits Transfers","isPartOf":{"@id":"https:\/\/www.alpinepursuitstransfers.com\/#website"},"datePublished":"2016-04-14T15:12:47+00:00","dateModified":"2021-12-19T15:37:36+00:00","description":"Alpine Pursuits est une soci\u00e9t\u00e9 ind\u00e9pendante qui propose des transferts priv\u00e9s depuis les a\u00e9roports et gares des Alpes. Nous desservons les a\u00e9roports de Gen\u00e8ve (GVA), Chamb\u00e9ry (CMF) et Lyon (LYS), et les gares de Cluses, Annecy et Bellegarde. Nous fournissons des transferts professionnels licenci\u00e9s et assur\u00e9s vers toutes les grandes stations de ski de la Haute-Savoie et de la Savoie.","breadcrumb":{"@id":"https:\/\/www.alpinepursuitstransfers.com\/fr\/a-propos-de-nous\/#breadcrumb"},"inLanguage":"fr-FR","potentialAction":[{"@type":"ReadAction","target":["https:\/\/www.alpinepursuitstransfers.com\/fr\/a-propos-de-nous\/"]}]},{"@type":"BreadcrumbList","@id":"https:\/\/www.alpinepursuitstransfers.com\/fr\/a-propos-de-nous\/#breadcrumb","itemListElement":[{"@type":"ListItem","position":1,"name":"Home","item":"https:\/\/www.alpinepursuitstransfers.com\/fr\/"},{"@type":"ListItem","position":2,"name":"A propos de nous"}]}]}},"_links":{"self":[{"href":"https:\/\/www.alpinepursuitstransfers.com\/fr\/wp-json\/wp\/v2\/pages\/707"}],"collection":[{"href":"https:\/\/www.alpinepursuitstransfers.com\/fr\/wp-json\/wp\/v2\/pages"}],"about":[{"href":"https:\/\/www.alpinepursuitstransfers.com\/fr\/wp-json\/wp\/v2\/types\/page"}],"author":[{"embeddable":true,"href":"https:\/\/www.alpinepursuitstransfers.com\/fr\/wp-json\/wp\/v2\/users\/2"}],"replies":[{"embeddable":true,"href":"https:\/\/www.alpinepursuitstransfers.com\/fr\/wp-json\/wp\/v2\/comments?post=707"}],"version-history":[{"count":4,"href":"https:\/\/www.alpinepursuitstransfers.com\/fr\/wp-json\/wp\/v2\/pages\/707\/revisions"}],"predecessor-version":[{"id":731,"href":"https:\/\/www.alpinepursuitstransfers.com\/fr\/wp-json\/wp\/v2\/pages\/707\/revisions\/731"}],"wp:attachment":[{"href":"https:\/\/www.alpinepursuitstransfers.com\/fr\/wp-json\/wp\/v2\/media?parent=707"}],"curies":[{"name":"wp","href":"https:\/\/api.w.org\/{rel}","templated":true}]}}